{"id":10,"date":"2019-10-20T14:20:50","date_gmt":"2019-10-20T19:20:50","guid":{"rendered":"https:\/\/servionline.net\/site\/?page_id=10"},"modified":"2022-08-20T13:38:26","modified_gmt":"2022-08-20T18:38:26","slug":"inicio","status":"publish","type":"page","link":"https:\/\/servionline.net\/site\/","title":{"rendered":"Inicio"},"content":{"rendered":"\t\t<div data-elementor-type=\"wp-page\" data-elementor-id=\"10\" class=\"elementor elementor-10\">\n\t\t\t\t\t\t<section class=\"elementor-section elementor-top-section elementor-element elementor-element-58dbe519 elementor-section-boxed elementor-section-height-default elementor-section-height-default\" data-id=\"58dbe519\" data-element_type=\"section\">\n\t\t\t\t\t\t<div class=\"elementor-container elementor-column-gap-default\">\n\t\t\t\t\t<div class=\"elementor-column elementor-col-100 elementor-top-column elementor-element elementor-element-7cce879f\" data-id=\"7cce879f\" data-element_type=\"column\">\n\t\t\t<div class=\"elementor-widget-wrap elementor-element-populated\">\n\t\t\t\t\t\t<div class=\"elementor-element elementor-element-241f7c02 elementor-widget elementor-widget-text-editor\" data-id=\"241f7c02\" data-element_type=\"widget\" data-widget_type=\"text-editor.default\">\n\t\t\t\t<div class=\"elementor-widget-container\">\n\t\t\t\t\t\t\t<h3 data-fontsize=\"22\" data-lineheight=\"31.9px\">Nuestros Productos y Servicios:<\/h3>\n<div>\n<p>Acorde con las necesidades y nuevos retos de nuestros clientes, siempre estamos personalizando nuevas soluciones y plataformas de servicios. Cons\u00faltenos sobre una soluci\u00f3n a la medida de su necesidad.<\/p>\n<p><\/p>\n<p>Contamos con varios productos transversales y especializados para satisfacer las necesidades de las empresas, entre los que tenemos:<\/p>\n<p><\/p>\n<ul>\n<li><span style=\"color: #ff0000;\">SERVIONLINE<\/span> \u2013 Venta y Arrendamiento de equipamiento y plataforma de Contact Center Omnicanal On-premise o Cloud, Implementaci\u00f3n y Arrendamiento de Servidores y Servicios corporativos en la Nube.<\/li>\n<\/ul>\n<ul>\n<li><span style=\"color: rgb(255, 102, 0); font-family: Roboto, sans-serif; font-size: 16px; font-style: normal; font-variant-ligatures: normal; font-variant-caps: normal; font-weight: 400;\">SERVIVOX CRM<\/span>&nbsp;\u2013 Plataforma omnicanal de administraci\u00f3n, monitoreo, gesti\u00f3n, trazabilidad, segmentaci\u00f3n, marketing entre otros, para empresas, negocios, profesionales, emprendedores que est\u00e9n en cualquier segmento de negocio o actividad entre los que tenemos: Contact Centers, TeleVentas, Ventas por E-commerce, entre otras; incluye herramientas de Atenci\u00f3n al cliente, Marketing, Campa\u00f1as de Mercadeo, Proyectos, Tareas, Formularios, Flujos de trabajo, Procesos Automatizados, Facturaci\u00f3n, Soporte T\u00e9cnico, etc. Conexi\u00f3n de canales de Telefon\u00eda, Correo Electr\u00f3nico, WhatsApp, Telegram, Facebook, Instagram, Bots de Auto-atenci\u00f3n con Inteligencia Artificial.<\/li>\n<\/ul>\n<ul>\n<li><span style=\"color: #008000;\">SERVIVOX UC<\/span> \u2013 Plataforma de comunicaciones unificadas que integra presencia de forma nativa, el mismo n\u00famero de anexo en varios dispositivos, videoconferencias y colaboraci\u00f3n integrada y que puede reutilizar infraestructura existente de fabricantes como Cisco Systems, Avaya, Polycom, Siemens, Alcatel, Audio Codes, Grandstream, Snom, entre otros.&nbsp;<\/li>\n<\/ul>\n<ul>\n<li><span style=\"color: #00ccff;\">SERVIVOX MEET<\/span> \u2013 Plataforma de Videocolaboraci\u00f3n con Herramientas para Capacitaci\u00f3n y Educaci\u00f3n en L\u00ednea, que se puede personalizar con los colores y logo de la Empresa o Instituci\u00f3n Educativa para Clases Virtuales o Seminarios de Capacitaci\u00f3n Virtual.<\/li>\n<\/ul>\n<ul style=\"font-variant-ligatures: normal; font-variant-caps: normal; font-family: Roboto, sans-serif; font-size: 16px; font-style: normal; font-weight: 400;\">\n<li style=\"font-size: 16px;\"><span style=\"font-size: 16px; color: #3366ff;\">SERVIVOX PTT<\/span>&nbsp;\u2013 Plataforma de Radiocomunicaci\u00f3n a trav\u00e9s de Voz y Video sobre IP que incluye Rastreo satelital, Geocercas con alarmas, Monitoreo e tiempo real de personal y flotas, Bit\u00e1cora electr\u00f3nica para asignaci\u00f3n de tareas o novedades en la ruta de trabajo, Control de asistencia de personal, Registro de observaciones, entre otras herramientas.<\/li>\n<\/ul>\n<ul>\n<li><span style=\"color: #ff6600;\">SERVIVOX IPTV<\/span> \u2013 Plataforma tecnol\u00f3gica que soporta eventos y transmisiones en vivo mediante streaming. Venta de tickets electr\u00f3nicos, bloqueo de asistentes por Geolocalizaci\u00f3n de pa\u00eds, control de cuantos dispositivos simult\u00e1neos pueden ver el evento entre otras herramientas.<\/li>\n<\/ul>\n<ul>\n<li><span style=\"color: #800080;\">DESARROLLO DE PLATAFORMAS, SERVICIOS WEB, APLICACIONES M\u00d3VILES.<\/span><\/li>\n<\/ul>\n<\/div>\t\t\t\t\t\t<\/div>\n\t\t\t\t<\/div>\n\t\t\t\t\t<\/div>\n\t\t<\/div>\n\t\t\t\t\t<\/div>\n\t\t<\/section>\n\t\t\t\t<\/div>\n\t\t","protected":false},"excerpt":{"rendered":"<p>Nuestros Productos y Servicios: Acorde con las necesidades y nuevos retos de nuestros clientes, siempre estamos personalizando nuevas soluciones y plataformas de servicios. Cons\u00faltenos sobre una soluci\u00f3n a la medida de su necesidad. Contamos con varios productos transversales y especializados<\/p>\n","protected":false},"author":1,"featured_media":0,"parent":0,"menu_order":0,"comment_status":"closed","ping_status":"closed","template":"","meta":{"footnotes":""},"class_list":["post-10","page","type-page","status-publish","hentry"],"_links":{"self":[{"href":"https:\/\/servionline.net\/site\/wp-json\/wp\/v2\/pages\/10"}],"collection":[{"href":"https:\/\/servionline.net\/site\/wp-json\/wp\/v2\/pages"}],"about":[{"href":"https:\/\/servionline.net\/site\/wp-json\/wp\/v2\/types\/page"}],"author":[{"embeddable":true,"href":"https:\/\/servionline.net\/site\/wp-json\/wp\/v2\/users\/1"}],"replies":[{"embeddable":true,"href":"https:\/\/servionline.net\/site\/wp-json\/wp\/v2\/comments?post=10"}],"version-history":[{"count":27,"href":"https:\/\/servionline.net\/site\/wp-json\/wp\/v2\/pages\/10\/revisions"}],"predecessor-version":[{"id":353,"href":"https:\/\/servionline.net\/site\/wp-json\/wp\/v2\/pages\/10\/revisions\/353"}],"wp:attachment":[{"href":"https:\/\/servionline.net\/site\/wp-json\/wp\/v2\/media?parent=10"}],"curies":[{"name":"wp","href":"https:\/\/api.w.org\/{rel}","templated":true}]}}