{"id":181,"date":"2020-06-22T08:19:47","date_gmt":"2020-06-22T13:19:47","guid":{"rendered":"https:\/\/servionline.net\/site\/?page_id=181"},"modified":"2021-02-17T09:23:34","modified_gmt":"2021-02-17T14:23:34","slug":"contacto","status":"publish","type":"page","link":"https:\/\/servionline.net\/site\/contacto\/","title":{"rendered":"Contacto"},"content":{"rendered":"\t\t<div data-elementor-type=\"wp-page\" data-elementor-id=\"181\" class=\"elementor elementor-181\">\n\t\t\t\t\t\t<section class=\"elementor-section elementor-top-section elementor-element elementor-element-44cc1acd elementor-section-boxed elementor-section-height-default elementor-section-height-default\" data-id=\"44cc1acd\" data-element_type=\"section\">\n\t\t\t\t\t\t<div class=\"elementor-container elementor-column-gap-default\">\n\t\t\t\t\t<div class=\"elementor-column elementor-col-100 elementor-top-column elementor-element elementor-element-519b592b\" data-id=\"519b592b\" data-element_type=\"column\">\n\t\t\t<div class=\"elementor-widget-wrap elementor-element-populated\">\n\t\t\t\t\t\t<div class=\"elementor-element elementor-element-4ddbd947 elementor-widget elementor-widget-text-editor\" data-id=\"4ddbd947\" data-element_type=\"widget\" data-widget_type=\"text-editor.default\">\n\t\t\t\t<div class=\"elementor-widget-container\">\n\t\t\t\t\t\t\t<p>Informaci\u00f3n de Contacto:<\/p>\n<p>&nbsp;<\/p>\n<div>SERVIELEC \/ SERVIONLINE \/ SERVIVOX<br>Amagas\u00ed del Inca y E15<br>Quito &#8211; Ecuador<\/div>\n<div>Telfs: +593996035544<\/div>\n<div>WhatsApp: <a href=\"https:\/\/api.whatsapp.com\/send?phone=593999772048&amp;text=Hola me puede dar informaci\u00f3n sobre sus servicios\">+593999772048<\/a><\/div>\n<div>Skype: <a href=\"https:\/\/join.skype.com\/invite\/vFxiJE0vgFHL\">oscar.aguilar.a<\/a><\/div>\n<div>Linkedin: <a href=\"https:\/\/www.linkedin.com\/in\/msc-oscar-aguilar-16591499\/\">MSc. Oscar Aguilar<\/a><\/div>\n<div>Correo electr\u00f3nico: <a href=\"mailto:oscar.aguilar@servionline.net\" target=\"_blank\" rel=\"noopener noreferrer\">oscar.aguilar@servionline.net<\/a><\/div>\n<div>\n<p>&nbsp;<\/p>\n<div><\/div>\n<\/div>\n<div>Si requieres que te contactemos por favor escribe tus datos:<\/div>\n<div>\n<p>&nbsp;<\/p>\n<div><\/div>\n<\/div>\n<div>\n<div class=\"wpcf7 no-js\" id=\"wpcf7-f198-o1\" lang=\"es-ES\" dir=\"ltr\">\n<div class=\"screen-reader-response\"><p role=\"status\" aria-live=\"polite\" aria-atomic=\"true\"><\/p> <ul><\/ul><\/div>\n<form action=\"\/site\/wp-json\/wp\/v2\/pages\/181#wpcf7-f198-o1\" method=\"post\" class=\"wpcf7-form init\" aria-label=\"Formulario de contacto\" novalidate=\"novalidate\" data-status=\"init\">\n<div style=\"display: none;\">\n<input type=\"hidden\" name=\"_wpcf7\" value=\"198\" \/>\n<input type=\"hidden\" name=\"_wpcf7_version\" value=\"5.9.8\" \/>\n<input type=\"hidden\" name=\"_wpcf7_locale\" value=\"es_ES\" \/>\n<input type=\"hidden\" name=\"_wpcf7_unit_tag\" value=\"wpcf7-f198-o1\" \/>\n<input type=\"hidden\" name=\"_wpcf7_container_post\" value=\"0\" \/>\n<input type=\"hidden\" name=\"_wpcf7_posted_data_hash\" value=\"\" \/>\n<\/div>\n<p><label> Tu nombre (obligatorio)<br \/>\n<span class=\"wpcf7-form-control-wrap\" data-name=\"your-name\"><input size=\"40\" maxlength=\"400\" class=\"wpcf7-form-control wpcf7-text wpcf7-validates-as-required\" aria-required=\"true\" aria-invalid=\"false\" value=\"\" type=\"text\" name=\"your-name\" \/><\/span> <\/label>\n<\/p>\n<p><label> Tu n\u00famero de tel\u00e9fono m\u00f3vil (obligatorio)<br \/>\n<span class=\"wpcf7-form-control-wrap\" data-name=\"tel-76\"><input size=\"40\" maxlength=\"400\" class=\"wpcf7-form-control wpcf7-tel wpcf7-validates-as-required wpcf7-text wpcf7-validates-as-tel\" aria-required=\"true\" aria-invalid=\"false\" value=\"\" type=\"tel\" name=\"tel-76\" \/><\/span> <\/label>\n<\/p>\n<p><label> Tu correo electr\u00f3nico (obligatorio)<br \/>\n<span class=\"wpcf7-form-control-wrap\" data-name=\"your-email\"><input size=\"40\" maxlength=\"400\" class=\"wpcf7-form-control wpcf7-email wpcf7-validates-as-required wpcf7-text wpcf7-validates-as-email\" aria-required=\"true\" aria-invalid=\"false\" value=\"\" type=\"email\" name=\"your-email\" \/><\/span> <\/label>\n<\/p>\n<p><label> Cu\u00e9ntanos un poco sobre tu consulta:<br \/>\n<span class=\"wpcf7-form-control-wrap\" data-name=\"your-message\"><textarea cols=\"40\" rows=\"10\" maxlength=\"2000\" class=\"wpcf7-form-control wpcf7-textarea\" aria-invalid=\"false\" name=\"your-message\"><\/textarea><\/span> <\/label>\n<\/p>\n<p><input class=\"wpcf7-form-control wpcf7-submit has-spinner\" type=\"submit\" value=\"Enviar\" \/>\n<\/p><p style=\"display: none !important;\" class=\"akismet-fields-container\" data-prefix=\"_wpcf7_ak_\"><label>&#916;<textarea name=\"_wpcf7_ak_hp_textarea\" cols=\"45\" rows=\"8\" maxlength=\"100\"><\/textarea><\/label><input type=\"hidden\" id=\"ak_js_1\" name=\"_wpcf7_ak_js\" value=\"29\"\/><script>document.getElementById( \"ak_js_1\" ).setAttribute( \"value\", ( new Date() ).getTime() );<\/script><\/p><div class=\"wpcf7-response-output\" aria-hidden=\"true\"><\/div>\n<\/form>\n<\/div>\n<\/div>\n<div><\/div>\t\t\t\t\t\t<\/div>\n\t\t\t\t<\/div>\n\t\t\t\t\t<\/div>\n\t\t<\/div>\n\t\t\t\t\t<\/div>\n\t\t<\/section>\n\t\t\t\t<\/div>\n\t\t","protected":false},"excerpt":{"rendered":"<p>Informaci\u00f3n de Contacto: &nbsp; SERVIELEC \/ SERVIONLINE \/ SERVIVOXAmagas\u00ed del Inca y E15Quito &#8211; Ecuador Telfs: +593996035544 WhatsApp: +593999772048 Skype: oscar.aguilar.a Linkedin: MSc. Oscar Aguilar Correo electr\u00f3nico: oscar.aguilar@servionline.net &nbsp; Si requieres que te contactemos por favor escribe tus datos: &nbsp;<\/p>\n","protected":false},"author":1,"featured_media":0,"parent":0,"menu_order":0,"comment_status":"closed","ping_status":"closed","template":"","meta":{"footnotes":""},"class_list":["post-181","page","type-page","status-publish","hentry"],"_links":{"self":[{"href":"https:\/\/servionline.net\/site\/wp-json\/wp\/v2\/pages\/181"}],"collection":[{"href":"https:\/\/servionline.net\/site\/wp-json\/wp\/v2\/pages"}],"about":[{"href":"https:\/\/servionline.net\/site\/wp-json\/wp\/v2\/types\/page"}],"author":[{"embeddable":true,"href":"https:\/\/servionline.net\/site\/wp-json\/wp\/v2\/users\/1"}],"replies":[{"embeddable":true,"href":"https:\/\/servionline.net\/site\/wp-json\/wp\/v2\/comments?post=181"}],"version-history":[{"count":10,"href":"https:\/\/servionline.net\/site\/wp-json\/wp\/v2\/pages\/181\/revisions"}],"predecessor-version":[{"id":273,"href":"https:\/\/servionline.net\/site\/wp-json\/wp\/v2\/pages\/181\/revisions\/273"}],"wp:attachment":[{"href":"https:\/\/servionline.net\/site\/wp-json\/wp\/v2\/media?parent=181"}],"curies":[{"name":"wp","href":"https:\/\/api.w.org\/{rel}","templated":true}]}}