{"id":200,"date":"2020-06-23T05:21:06","date_gmt":"2020-06-23T10:21:06","guid":{"rendered":"https:\/\/servionline.net\/site\/?page_id=200"},"modified":"2020-06-23T07:19:29","modified_gmt":"2020-06-23T12:19:29","slug":"nuestros-clientes","status":"publish","type":"page","link":"https:\/\/servionline.net\/site\/nuestros-clientes\/","title":{"rendered":"Nuestros Clientes"},"content":{"rendered":"<p>Nuestra actividad profesional inicia en el a\u00f1o 2000, con una pol\u00edtica de servicio e innovaci\u00f3n constante ejecutando proyectos de alto impacto y optimizando recursos de nuestros clientes.<\/p>\n<p>&nbsp;<\/p>\n<p>A lo largo de muchos a\u00f1os hemos trabajado con varias instituciones del Sector P\u00fablico y Privado entre las que citamos las siguientes:<\/p>\n<p>&nbsp;<\/p>\n<table class=\"t1\" style=\"height: 2068px;\" width=\"692\" cellspacing=\"0\" cellpadding=\"0\">\n<tbody>\n<tr>\n<td class=\"td1\" valign=\"top\">&nbsp;<\/p>\n<ul class=\"ul1\">\n<li class=\"li2\">EMPRESA DE AGUA POTABLE DE AMBATO \u2013 Diciembre 2007 \u2013 Plataforma Asterisk con 140 extensiones + IVR (Consulta Autom\u00e1tica de Valor de Factura) \u2013 Telf.: 032997700 \u2013 <a href=\"http:\/\/www.emapa.gob.ec\">www.emapa.gob.ec<\/a><\/li>\n<\/ul>\n<ul class=\"ul1\">\n<li class=\"li2\">ASAMBLEA NACIONAL (Quito) \u2013 Octubre 2009 \u2013 Plataforma Asterisk + Fax Server con 200 Fax Virtuales, en funcionamiento con 4 E1 PRI (Integraci\u00f3n total de Fax al Mail y Mail al Fax por medio de Zimbra e integraci\u00f3n con Central Alcatel IP) \u2013 Telf.: 023991700 \/ 023991441 \u2013 <a href=\"http:\/\/www.asambleanacional.gob.ec\">www.asambleanacional.gob.ec<\/a><\/li>\n<\/ul>\n<ul class=\"ul1\">\n<li class=\"li2\">CORREOS DEL ECUADOR (Quito y Guayaquil) \u2013 Febrero 2010 \u2013 Plataforma Asterisk en las dos ciudades Quito y Guayaquil con 200 extensiones e integraci\u00f3n con central Alcatel de Quito, en funcionamiento con 1 E1 PRI (Quito) y 1 E1 SIP (Guayaquil) \u2013 Telf.: 022996800 \u2013\u00a0<a href=\"http:\/\/www.correosdelecuador.gob.ec\">www.correosdelecuador.gob.ec<\/a><\/li>\n<\/ul>\n<ul class=\"ul1\">\n<li class=\"li3\">COMPUTER WORLD (Guayaquil) \u2013 Marzo 2009 \u2013 Plataforma Asterisk con 20 extensiones e integraci\u00f3n bases celulares \u2013 Telf.: 042380380 \/ +593999128075<\/li>\n<\/ul>\n<ul class=\"ul1\">\n<li class=\"li2\">UNIDAD EDUCATIVA CEBI (Ambato) \u2013 Septiembre 2009 \u2013 Plataforma Asterisk con 30 extensiones \u2013 Telf.: 032854400 \u2013 <a href=\"http:\/\/www.cebi.edu.ec\">www.cebi.edu.ec<\/a><\/li>\n<\/ul>\n<ul class=\"ul1\">\n<li class=\"li2\">ENFARMA (Quito) \u2013 Septiembre 2010 \u2013 Plataforma Asterisk con 50 extensiones \u2013 Telf.: 023825790<\/li>\n<\/ul>\n<ul class=\"ul1\">\n<li class=\"li2\">GOBIERNO PROVINCIAL DE SANTO DOMINGO DE LOS TS\u00c1CHILAS (Santo Domingo de los Ts\u00e1chilas) \u2013 Octubre 2010 \u2013 Adquisici\u00f3n de un sistema para la Implementaci\u00f3n Telef\u00f3nica IP y aplicaciones VoIP para el Gobierno Provincial de Santo Domingo de los Ts\u00e1chilas \u2013 Telf.: 022763154 \u2013<a href=\"http:\/\/www.gptsachila.gob.ec\"><span class=\"Apple-converted-space\"> www.gptsachila.gob.ec<\/span><\/a><\/li>\n<\/ul>\n<ul class=\"ul1\">\n<li class=\"li2\">EMPRESA ELECTRICA DEL NORTE \u2013 EMELNORTE S.A. (Ibarra y Tulc\u00e1n) \u2013 Noviembre 2010 \u2013 Adquisici\u00f3n de una Central Telef\u00f3nica IP para la Matriz de Ibarra y Sucursal Tulc\u00e1n \u2013 Telf.: 062641288 \u2013 <a href=\"http:\/\/www.emelnorte.com\">www.emelnorte.com<\/a><\/li>\n<\/ul>\n<ul class=\"ul1\">\n<li class=\"li2\">EMPRESA ELECTRICA DEL NORTE \u2013 EMELNORTE S.A. (Otavalo) \u2013 Diciembre 2010 \u2013 Adquisici\u00f3n de una Central Telef\u00f3nica IP para la Sucursal Otavalo \u2013 Telf.: 062641288 \u2013 <a href=\"http:\/\/www.emelnorte.com\">www.emelnorte.com<\/a><\/li>\n<\/ul>\n<ul class=\"ul1\">\n<li class=\"li2\">EMPRESA P\u00daBLICA METROPOLITANA DE MOVILIDAD Y OBRAS P\u00daBLICAS \u2013 EPMMOP (Quito) \u2013 Mayo 2011 \u2013 Adquisici\u00f3n de 20 Tel\u00e9fonos IP, 5 Routers Inal\u00e1mbricos y 2 Proyectores \u2013 Telf.: 022907005 \/ 022225262 ext. 2151 \u2013 <a href=\"http:\/\/www.epmmop.gob.ec\">www.epmmop.gob.ec<\/a><\/li>\n<\/ul>\n<ul class=\"ul1\">\n<li class=\"li2\">ASAMBLEA NACIONAL (Quito) \u2013 Diciembre 2009 \u2013 Fiscalizaci\u00f3n T\u00e9cnica para la firma del Acta de Entrega Recepci\u00f3n Definitiva de los contratos de reconstrucci\u00f3n del Edificio Palacio Legislativo \u2013 Telf.: 023991700 \/ 023991441 \u2013 <a href=\"http:\/\/www.asambleanacional.gob.ec\">www.asambleanacional.gob.ec<\/a><\/li>\n<\/ul>\n<ul class=\"ul1\">\n<li class=\"li2\">ASAMBLEA NACIONAL (Quito) \u2013 Julio 2011 \u2013 Provisi\u00f3n e Instalaci\u00f3n de Cableado Estructurado y Backbone de Fibra \u00d3ptica para la Asamblea Nacional \u2013 Telf.: 023991700 \/ 023991441 \u2013 <a href=\"http:\/\/www.asambleanacional.gob.ec\">www.asambleanacional.gob.ec<\/a><\/li>\n<\/ul>\n<ul class=\"ul1\">\n<li class=\"li2\">MINISTERIO DE FINANZAS (Quito) \u2013 Diciembre 2015 \u2013 Consultor\u00eda para la elaboraci\u00f3n de t\u00e9rminos de referencia para la contrataci\u00f3n de una C\u00e1mara de Transformaci\u00f3n \u2013 Telf.: 023998500 \u2013 <a href=\"http:\/\/www.finanzas.gob.ec\">www.finanzas.gob.ec<\/a><\/li>\n<\/ul>\n<ul class=\"ul1\">\n<li class=\"li2\">ECLIPSOFT (Guayaquil) \u2013 Agosto 2014 \u2013 Consultor\u00eda t\u00e9cnica para la obtenci\u00f3n del T\u00edtulo habilitante de proveedor de Servicios de Valor Agregado &#8211; SVA en la SENATEL \u2013 Telf.: 042687329 \u2013 <a href=\"http:\/\/www.eclipsoft.com\">www.eclipsoft.com<\/a><\/li>\n<\/ul>\n<ul class=\"ul1\">\n<li class=\"li2\">ALDEAMO (Guayaquil) \u2013 Diciembre 2016 \u2013 Consultor\u00eda t\u00e9cnica para la obtenci\u00f3n del T\u00edtulo habilitante de proveedor de Servicios de Valor Agregado &#8211; SVA en la ARCOTEL \u2013 Telf.: 042687329 \u2013 <a href=\"http:\/\/www.aldeamo.com\">www.aldeamo.com<\/a><\/li>\n<\/ul>\n<ul class=\"ul1\">\n<li class=\"li2\">EMPRESA DE AGUA POTABLE DE QUITO \u2013 2013 al 2018 \u2013 Arrendamiento de Plataforma de Contact Center Xcally con IVR transaccional con bases de datos y Web Services <span class=\"Apple-converted-space\">\u00a0 <\/span>(Consulta Autom\u00e1tica de Valor de Factura) \u2013 Telf.: 022994400 \u2013 <a href=\"http:\/\/www.aguadequito.gob.ec\">www.aguadequito.gob.ec<\/a><\/li>\n<\/ul>\n<ul class=\"ul1\">\n<li class=\"li2\">REDBUS \u2013 PER\u00da \u2013 2016 AL 2020 &#8211; Arrendamiento de Plataforma de Contact Center Xcally con IVR transaccional con bases de datos, Web Services y Troncales SIP \u2013 <a href=\"http:\/\/www.redbus.pe\"><span class=\"s1\">www.redbus.pe<\/span><\/a><\/li>\n<\/ul>\n<ul class=\"ul1\">\n<li class=\"li2\">REDBUS \u2013 COLOMBIA \u2013 2017 AL 2020 &#8211; Arrendamiento de Plataforma de Contact Center Xcally con IVR transaccional con bases de datos, Web Services y Troncales SIP \u2013 <a href=\"http:\/\/www.redbus.co\"><span class=\"s1\">www.redbus.co<\/span><\/a><\/li>\n<\/ul>\n<ul class=\"ul1\">\n<li class=\"li2\">TURISMOCIVA \u2013 PER\u00da \u2013 2017 hasta el presente &#8211; Arrendamiento de Plataforma de Contact Center Xcally con IVR transaccional con bases de datos, Web Services e integraci\u00f3n con servidor Avaya mediante troncal SIP \u2013 <a href=\"http:\/\/www.civa.com.pe\"><span class=\"s1\">www.civa.com.pe<\/span><\/a><\/li>\n<\/ul>\n<ul class=\"ul1\">\n<li class=\"li2\">SUPERPET \u2013 PER\u00da \u2013 2018 hasta el presente &#8211; Arrendamiento de Plataforma de Contact Center Xcally con IVR transaccional con bases de datos, Web Services \u2013 <a href=\"http:\/\/www.superpet.pe\"><span class=\"s1\">www.superpet.pe<\/span><\/a><\/li>\n<\/ul>\n<ul class=\"ul1\">\n<li class=\"li2\">GRUPO HORNA \u2013 PER\u00da \u2013 2019 hasta el presente &#8211; Arrendamiento de Plataforma de Contact Center Xcally con IVR transaccional con bases de datos, Web Services \u2013 <a href=\"http:\/\/www.ghbus.com.pe\"><span class=\"s1\">www.ghbus.com.pe<\/span><\/a><\/li>\n<\/ul>\n<ul class=\"ul1\">\n<li class=\"li2\">GRUPO SHALOM \u2013 PER\u00da \u2013 2020 hasta el presente &#8211; Arrendamiento de Plataforma de Contact Center Xcally con IVR transaccional con bases de datos, Web Services \u2013 <a href=\"http:\/\/www.shalom.com.pe\"><span class=\"s1\">www.shalom.com.pe<\/span><\/a><\/li>\n<\/ul>\n<ul class=\"ul1\">\n<li class=\"li2\">GRUPO SHALOM \u2013 PER\u00da \u2013 2020 hasta el presente &#8211; Arrendamiento de Plataforma de Contact Center Xcally con IVR transaccional con bases<span class=\"Apple-converted-space\">\u00a0<\/span>de datos, Web Services \u2013 <a href=\"http:\/\/www.shalombus.pe\"><span class=\"s1\">www.shalombus.pe<\/span><\/a><\/li>\n<\/ul>\n<\/td>\n<\/tr>\n<\/tbody>\n<\/table>\n<p>&nbsp;<\/p>\n","protected":false},"excerpt":{"rendered":"<p>Nuestra actividad profesional inicia en el a\u00f1o 2000, con una pol\u00edtica de servicio e innovaci\u00f3n constante ejecutando proyectos de alto impacto y optimizando recursos de nuestros clientes. &nbsp; A lo largo de muchos a\u00f1os hemos trabajado con varias instituciones del<\/p>\n","protected":false},"author":1,"featured_media":0,"parent":0,"menu_order":0,"comment_status":"closed","ping_status":"closed","template":"","meta":{"footnotes":""},"class_list":["post-200","page","type-page","status-publish","hentry"],"_links":{"self":[{"href":"https:\/\/servionline.net\/site\/wp-json\/wp\/v2\/pages\/200"}],"collection":[{"href":"https:\/\/servionline.net\/site\/wp-json\/wp\/v2\/pages"}],"about":[{"href":"https:\/\/servionline.net\/site\/wp-json\/wp\/v2\/types\/page"}],"author":[{"embeddable":true,"href":"https:\/\/servionline.net\/site\/wp-json\/wp\/v2\/users\/1"}],"replies":[{"embeddable":true,"href":"https:\/\/servionline.net\/site\/wp-json\/wp\/v2\/comments?post=200"}],"version-history":[{"count":9,"href":"https:\/\/servionline.net\/site\/wp-json\/wp\/v2\/pages\/200\/revisions"}],"predecessor-version":[{"id":211,"href":"https:\/\/servionline.net\/site\/wp-json\/wp\/v2\/pages\/200\/revisions\/211"}],"wp:attachment":[{"href":"https:\/\/servionline.net\/site\/wp-json\/wp\/v2\/media?parent=200"}],"curies":[{"name":"wp","href":"https:\/\/api.w.org\/{rel}","templated":true}]}}