{"id":248,"date":"2020-07-14T14:14:31","date_gmt":"2020-07-14T19:14:31","guid":{"rendered":"https:\/\/servionline.net\/site\/?page_id=248"},"modified":"2020-07-14T15:21:37","modified_gmt":"2020-07-14T20:21:37","slug":"whatsapp-masivo","status":"publish","type":"page","link":"https:\/\/servionline.net\/site\/whatsapp-masivo\/","title":{"rendered":"WhatsApp Masivo"},"content":{"rendered":"\t\t<div data-elementor-type=\"wp-page\" data-elementor-id=\"248\" class=\"elementor elementor-248\">\n\t\t\t\t\t\t<section class=\"elementor-section elementor-top-section elementor-element elementor-element-02d0500 elementor-section-boxed elementor-section-height-default elementor-section-height-default\" data-id=\"02d0500\" data-element_type=\"section\">\n\t\t\t\t\t\t<div class=\"elementor-container elementor-column-gap-default\">\n\t\t\t\t\t<div class=\"elementor-column elementor-col-100 elementor-top-column elementor-element elementor-element-df12b43\" data-id=\"df12b43\" data-element_type=\"column\">\n\t\t\t<div class=\"elementor-widget-wrap elementor-element-populated\">\n\t\t\t\t\t\t<div class=\"elementor-element elementor-element-864650b elementor-widget elementor-widget-heading\" data-id=\"864650b\" data-element_type=\"widget\" data-widget_type=\"heading.default\">\n\t\t\t\t<div class=\"elementor-widget-container\">\n\t\t\t<h2 class=\"elementor-heading-title elementor-size-large\">CONTACTA A MILES DE PERSONAS POR WHATSAPP<\/h2>\t\t<\/div>\n\t\t\t\t<\/div>\n\t\t\t\t\t<\/div>\n\t\t<\/div>\n\t\t\t\t\t<\/div>\n\t\t<\/section>\n\t\t\t\t<section class=\"elementor-section elementor-top-section elementor-element elementor-element-931feb9 elementor-section-boxed elementor-section-height-default elementor-section-height-default\" data-id=\"931feb9\" data-element_type=\"section\">\n\t\t\t\t\t\t<div class=\"elementor-container elementor-column-gap-default\">\n\t\t\t\t\t<div class=\"elementor-column elementor-col-100 elementor-top-column elementor-element elementor-element-ec815ff\" data-id=\"ec815ff\" data-element_type=\"column\">\n\t\t\t<div class=\"elementor-widget-wrap elementor-element-populated\">\n\t\t\t\t\t\t<div class=\"elementor-element elementor-element-c121897 elementor-widget elementor-widget-text-editor\" data-id=\"c121897\" data-element_type=\"widget\" data-widget_type=\"text-editor.default\">\n\t\t\t\t<div class=\"elementor-widget-container\">\n\t\t\t\t\t\t\t<p>\u00a0<\/p><p><img decoding=\"async\" class=\"emoji\" style=\"font-style: inherit; font-variant-ligatures: inherit; font-variant-caps: inherit; font-weight: inherit; background-color: #ffffff; background-image: none !important;\" role=\"img\" draggable=\"false\" src=\"https:\/\/s.w.org\/images\/core\/emoji\/12.0.0-1\/svg\/1f933.svg\" alt=\"\ud83e\udd33\" \/><span style=\"font-size: 16px; font-style: normal; font-variant-ligatures: normal; font-variant-caps: normal; font-weight: 400; font-family: Lato, sans-serif;\">\u00a0<\/span>Soluci\u00f3n para ENVIAR MENSAJES DE WHATSAPP A MILES DE PERSONAS.<\/p><p><img decoding=\"async\" class=\"emoji\" role=\"img\" draggable=\"false\" src=\"https:\/\/s.w.org\/images\/core\/emoji\/12.0.0-1\/svg\/1f4b0.svg\" alt=\"\ud83d\udcb0\" \/> Env\u00eda PROMOCIONES, CUPONES DE DESCUENTO, NOTIFICACIONES VARIAS, VENCIMIENTO DE PAGOS, PROMOCIONA TU SERVICIO, etc.<\/p><p><img decoding=\"async\" class=\"emoji\" role=\"img\" draggable=\"false\" src=\"https:\/\/s.w.org\/images\/core\/emoji\/12.0.0-1\/svg\/1f3ac.svg\" alt=\"\ud83c\udfac\" \/> Env\u00eda Im\u00e1genes, Texto, link a p\u00e1ginas de internet, link para recibir respuestas en tu cuenta de WhatsApp.<\/p><p><img decoding=\"async\" class=\"emoji\" role=\"img\" draggable=\"false\" src=\"https:\/\/s.w.org\/images\/core\/emoji\/12.0.0-1\/svg\/1f9e9.svg\" alt=\"\ud83e\udde9\" \/> Env\u00eda Mensajes PERSONALIZADOS, coloca Nombre, D\u00eda de Cumplea\u00f1os, D\u00edas de vencimiento de pagos, n\u00fameros de pedidos, facturas, etc.<\/p><p><img decoding=\"async\" class=\"emoji\" role=\"img\" draggable=\"false\" src=\"https:\/\/s.w.org\/images\/core\/emoji\/12.0.0-1\/svg\/1f4f2.svg\" alt=\"\ud83d\udcf2\" \/> Realiza ENCUESTAS de satisfacci\u00f3n al cliente para mejorar la atenci\u00f3n.<\/p><p><img decoding=\"async\" class=\"emoji\" role=\"img\" draggable=\"false\" src=\"https:\/\/s.w.org\/images\/core\/emoji\/12.0.0-1\/svg\/1f5a5.svg\" alt=\"\ud83d\udda5\" \/> Recibe REPORTES personalizados.<\/p><p><img decoding=\"async\" class=\"emoji\" role=\"img\" draggable=\"false\" src=\"https:\/\/s.w.org\/images\/core\/emoji\/12.0.0-1\/svg\/1f469.svg\" alt=\"\ud83d\udc69\" \/> INCREMENTE sus VENTAS y mejore la ATENCI\u00d3N AL CLIENTE <img decoding=\"async\" class=\"emoji\" role=\"img\" draggable=\"false\" src=\"https:\/\/s.w.org\/images\/core\/emoji\/12.0.0-1\/svg\/1f4bb.svg\" alt=\"\ud83d\udcbb\" \/><\/p><p>Implementamos Soluciones de Promoci\u00f3n y Atenci\u00f3n al Cliente por cualquier tipo de Canal: Telef\u00f3nico, WhatsApp, Facebook, Chat sitios Web, Correo Electr\u00f3nico.<\/p><p>\u00c9sta herramienta es de gran utilidad para difusi\u00f3n de CAMPA\u00d1AS DE COBRANZAS, CAMPA\u00d1AS DE MARKETING, CUPONES DE DESCUENTO, ENCUESTAS DE SATISFACCI\u00d3N AL CLIENTE, DESCUENTOS EN EL D\u00cdA DE CUMPLEA\u00d1OS, etc.<\/p><p>SI DESEAS MAYOR INFORMACI\u00d3N ENV\u00cdAME UN MENSAJE DIRECTO AQU\u00cd\u00a0<img decoding=\"async\" class=\"emoji\" role=\"img\" draggable=\"false\" src=\"https:\/\/s.w.org\/images\/core\/emoji\/12.0.0-1\/svg\/1f449.svg\" alt=\"\ud83d\udc49\" \/> <a href=\"https:\/\/bit.ly\/3c4Kz3v\" target=\"_blank\" rel=\"noopener\" data-saferedirecturl=\"https:\/\/bit.ly\/3c4Kz3v&amp;source=gmail&amp;ust=1594837737044000&amp;usg=AFQjCNEnG_AdouuWYfHLTi9xlkN4ozb1sg\">https:\/\/bit.ly\/3c4Kz3v<\/a><span style=\"font-family: Lato, sans-serif; font-size: 16px;\">\u00a0<\/span><\/p>\t\t\t\t\t\t<\/div>\n\t\t\t\t<\/div>\n\t\t\t\t<div class=\"elementor-element elementor-element-0af3c64 elementor-widget elementor-widget-image\" data-id=\"0af3c64\" data-element_type=\"widget\" data-widget_type=\"image.default\">\n\t\t\t\t<div class=\"elementor-widget-container\">\n\t\t\t\t\t\t\t\t\t\t\t\t\t<img fetchpriority=\"high\" decoding=\"async\" width=\"260\" height=\"260\" src=\"https:\/\/servionline.net\/site\/wp-content\/uploads\/2020\/07\/whatsapp_logo_biz.png\" class=\"attachment-large size-large wp-image-251\" alt=\"\" srcset=\"https:\/\/servionline.net\/site\/wp-content\/uploads\/2020\/07\/whatsapp_logo_biz-150x150.png 150w, https:\/\/servionline.net\/site\/wp-content\/uploads\/2020\/07\/whatsapp_logo_biz-230x230.png 230w, https:\/\/servionline.net\/site\/wp-content\/uploads\/2020\/07\/whatsapp_logo_biz.png 260w\" sizes=\"(max-width: 260px) 100vw, 260px\" \/>\t\t\t\t\t\t\t\t\t\t\t\t\t<\/div>\n\t\t\t\t<\/div>\n\t\t\t\t\t<\/div>\n\t\t<\/div>\n\t\t\t\t\t<\/div>\n\t\t<\/section>\n\t\t\t\t<\/div>\n\t\t","protected":false},"excerpt":{"rendered":"<p>CONTACTA A MILES DE PERSONAS POR WHATSAPP \u00a0 \u00a0Soluci\u00f3n para ENVIAR MENSAJES DE WHATSAPP A MILES DE PERSONAS. Env\u00eda PROMOCIONES, CUPONES DE DESCUENTO, NOTIFICACIONES VARIAS, VENCIMIENTO DE PAGOS, PROMOCIONA TU SERVICIO, etc. Env\u00eda Im\u00e1genes, Texto, link a p\u00e1ginas de internet,<\/p>\n","protected":false},"author":1,"featured_media":0,"parent":0,"menu_order":0,"comment_status":"closed","ping_status":"closed","template":"","meta":{"footnotes":""},"class_list":["post-248","page","type-page","status-publish","hentry"],"_links":{"self":[{"href":"https:\/\/servionline.net\/site\/wp-json\/wp\/v2\/pages\/248"}],"collection":[{"href":"https:\/\/servionline.net\/site\/wp-json\/wp\/v2\/pages"}],"about":[{"href":"https:\/\/servionline.net\/site\/wp-json\/wp\/v2\/types\/page"}],"author":[{"embeddable":true,"href":"https:\/\/servionline.net\/site\/wp-json\/wp\/v2\/users\/1"}],"replies":[{"embeddable":true,"href":"https:\/\/servionline.net\/site\/wp-json\/wp\/v2\/comments?post=248"}],"version-history":[{"count":6,"href":"https:\/\/servionline.net\/site\/wp-json\/wp\/v2\/pages\/248\/revisions"}],"predecessor-version":[{"id":271,"href":"https:\/\/servionline.net\/site\/wp-json\/wp\/v2\/pages\/248\/revisions\/271"}],"wp:attachment":[{"href":"https:\/\/servionline.net\/site\/wp-json\/wp\/v2\/media?parent=248"}],"curies":[{"name":"wp","href":"https:\/\/api.w.org\/{rel}","templated":true}]}}