{"id":97,"date":"2020-06-22T03:08:19","date_gmt":"2020-06-22T08:08:19","guid":{"rendered":"https:\/\/servionline.net\/site\/?page_id=97"},"modified":"2022-08-21T13:31:54","modified_gmt":"2022-08-21T18:31:54","slug":"partners","status":"publish","type":"page","link":"https:\/\/servionline.net\/site\/partners\/","title":{"rendered":"Partners"},"content":{"rendered":"<h3 class=\"widget-title fusion-responsive-typography-calculated\" data-fontsize=\"22\" data-lineheight=\"31.9px\">Nuestros Partners:<\/h3>\n<div class=\"textwidget\">\n<p>Contamos con Profesionales certificados en todas nuestras soluciones.<\/p>\n<p>&nbsp;<\/p>\n<ul>\n<li><span style=\"color: #ff6600;\">XCALLY<\/span> \u2013 Contact Center Omnicanal, que permitir\u00e1 comunicarse con sus clientes a trav\u00e9s de Llamadas, Mensajes de Chat de sitio web, WhatsApp, Messenger, etc. Ver mas caracter\u00edsticas<\/li>\n<\/ul>\n<ul>\n<li><span style=\"color: #0000ff;\">BITRIX24<\/span> \u2013 Plataforma CRM Ominicanal para empresas desde peque\u00f1a a grande, emprendedores, profesionales, agencias de marketing, prestadores de salud, hospedaje, bienes ra\u00edces y cualquier servicio. Posee herramientas de Comunicaciones Corporativas, Proyectos, Tareas, Actividades, Ventas, Marketing. Da seguimiento y reporter\u00eda unificada a trav\u00e9s de Tableros de Comando con PowerBI.<\/li>\n<\/ul>\n<ul>\n<li><span style=\"color: #008000;\">DELTAPATH<\/span> \u2013 Plataforma de comunicaciones unificadas que integra presencia de forma nativa, el mismo n\u00famero de anexo en varios dispositivos, videoconferencias y colaboraci\u00f3n integrada. Nuestra gran ventaja competitiva es que podemos reutilizar el 95% de toda la infraestructura existente y que est\u00e1 declarada EOL (end-of-sale) de fabricantes como Cisco Systems, Avaya, Polycom, Siemens, Alcatel, Audio Codes, Grandstream, Snom, entre otros. Integraci\u00f3n nativa con sistemas de video conferencia SIP y H.323 existentes de fabricantes como Polycom, Cisco, LifeSize entre otros.<\/li>\n<\/ul>\n<p>&nbsp;<\/p>\n<\/div>\n","protected":false},"excerpt":{"rendered":"<p>Nuestros Partners: Contamos con Profesionales certificados en todas nuestras soluciones. &nbsp; XCALLY \u2013 Contact Center Omnicanal, que permitir\u00e1 comunicarse con sus clientes a trav\u00e9s de Llamadas, Mensajes de Chat de sitio web, WhatsApp, Messenger, etc. Ver mas caracter\u00edsticas BITRIX24 \u2013<\/p>\n","protected":false},"author":1,"featured_media":0,"parent":0,"menu_order":0,"comment_status":"closed","ping_status":"closed","template":"","meta":{"footnotes":""},"class_list":["post-97","page","type-page","status-publish","hentry"],"_links":{"self":[{"href":"https:\/\/servionline.net\/site\/wp-json\/wp\/v2\/pages\/97"}],"collection":[{"href":"https:\/\/servionline.net\/site\/wp-json\/wp\/v2\/pages"}],"about":[{"href":"https:\/\/servionline.net\/site\/wp-json\/wp\/v2\/types\/page"}],"author":[{"embeddable":true,"href":"https:\/\/servionline.net\/site\/wp-json\/wp\/v2\/users\/1"}],"replies":[{"embeddable":true,"href":"https:\/\/servionline.net\/site\/wp-json\/wp\/v2\/comments?post=97"}],"version-history":[{"count":7,"href":"https:\/\/servionline.net\/site\/wp-json\/wp\/v2\/pages\/97\/revisions"}],"predecessor-version":[{"id":369,"href":"https:\/\/servionline.net\/site\/wp-json\/wp\/v2\/pages\/97\/revisions\/369"}],"wp:attachment":[{"href":"https:\/\/servionline.net\/site\/wp-json\/wp\/v2\/media?parent=97"}],"curies":[{"name":"wp","href":"https:\/\/api.w.org\/{rel}","templated":true}]}}